{"id":8,"date":"2016-12-19T15:57:31","date_gmt":"2016-12-19T15:57:31","guid":{"rendered":"http:\/\/www.themazine.com\/wp\/adviso\/?page_id=8"},"modified":"2020-11-30T11:15:55","modified_gmt":"2020-11-30T11:15:55","slug":"about-us","status":"publish","type":"page","link":"https:\/\/www.css-unirea-iasi.ro\/index.php\/about-us\/","title":{"rendered":"Despre C.S.S. Unirea Iasi"},"content":{"rendered":"<p>[vc_row][vc_column]\r\n<div class=\"about-us-page\">\r\n    <div class=\"container\">\r\n        <div class=\"text float-left wow fadeInLeft\">\r\n            <h3><\/h3>\r\n            <h5><\/h5>\r\n\t\t\t<p><\/p>\n<h3>In clubul nostru <i><\/i> punem pe primul loc <i><\/i> performanta sportivilor<\/h3>\n<h5>&#8222;Campionii nu se nasc \u00een s\u0103lile de sport. Campionii sunt f\u0103cu\u0163i din ceea ce au mai ad\u00e2nc s\u0103dit \u00een ei: o dorin\u0163\u0103, un vis, o chemare.&#8221; Muhamad Ali<\/h5>\n<p><\/p>\r\n        <\/div> <!-- \/.text -->\r\n        <img src=\"https:\/\/www.css-unirea-iasi.ro\/wp-content\/uploads\/2020\/10\/eight_col_coach1-1.jpg\" alt=\"Image\" class=\"float-right wow fadeInRight\">\r\n    <\/div> <!-- \/.conatiner -->\r\n<\/div>\r\n\r\n[vc_column_text]<\/p>\n<h3 style=\"text-align: left;\"><\/h3>\n<h3 style=\"text-align: left;\">\u00a0 \u00a0 \u00a0 \u00a0 \u00a0 \u00a0Scurt istoric<\/h3>\n<p>&nbsp;<\/p>\n<ul>\n<li style=\"text-align: left;\">\u00a0 \u00a0&#8211;\u00a0 In anul <strong>1968<\/strong> se infiinteaza &#8222;Scoala sportiva pentru elevii scolilor profesionale si liceelor de specialitate&#8221;. Ulterior a fost denumita &#8222;Scoala Sportiva Energia&#8221; ( 1968-1969) , &#8222;Scoala Sportiva Unirea&#8221; (1968-1979) si &#8222;Clubul Sportiv scolar Unirea&#8221; ( 1979-prezent)<\/li>\n<li style=\"text-align: left;\">\u00a0 \u00a0 &#8211; <strong>Statut actual<\/strong> : unitate sportiva scolara, cu activitate extrascolara, subordonata didactic si financiar M.E.C.<\/li>\n<li style=\"text-align: left;\">\u00a0 \u00a0 &#8211; <strong>Discipline initiale<\/strong> : atletism, fotbal, box, handbal, lupte libere<\/li>\n<li style=\"text-align: left;\">\u00a0 \u00a0 &#8211; <strong>Discipline actuale<\/strong> : atletism, basket, box, canotaj, fotbal, gimnastica ritmica, handbal, judo, lupte libere, rugby, scrima, tenis de camp, tir cu arcul, volei<\/li>\n<li style=\"text-align: left;\">\u00a0 \u00a0 &#8211; <strong>Directori<\/strong> : Marian Constantin (1968-1981), Tatu Gheorghe ( 1981-1995), Hudac Viorel (1995-prezent)<\/li>\n<li style=\"text-align: left;\">\u00a0 \u00a0 &#8211; <strong>Antrenori emeriti<\/strong> : Alexandrescu Mihai ( tir cu arcul), Bordea Constantin (judo), Tuchel Valeriu (lupte libere), Bituca Iulian ( scrima), Soroceanu Viorel (box), Moraru Ion (judo), Luchian Maricel (baschet), Branzei Neculai (box), Radu Constantin ( gimnastica ritmica).<\/li>\n<li style=\"text-align: left;\">\u00a0 \u00a0 &#8211;<strong> Colaboratori<\/strong> : Directia Judeteana de Tineret si Sport, Clubul Sportiv Municipal Iasi, Facultatea de Educatie Fizica si Sport, Consiliul Judetean Iasi, Primaria Iasi,\u00a0 profesorii de educatie fizica din reteaua scolara, Liceul cu Profil Sportiv, Clubul Politehnica, Primaria Iasi, asociatii sportive, colegii de antrenori, federatii nationale de specialitate, etc<\/li>\n<li style=\"text-align: left;\"><\/li>\n<\/ul>\n<p>[\/vc_column_text][\/vc_column][\/vc_row][vc_row][vc_column]\r\n<div class=\"about-us-manage wow fadeInUp\">\r\n    <div class=\"container\">\r\n        <div class=\"row\">\r\n                        <div class=\"col-lg-4 col-md-4 col-sm-4 col-xs-12\">\r\n                <h4>Cine suntem<\/h4>\r\n                <p>Inainte de toate,suntem o Echipa ! Iubim sportul si competitiile, traim pentru clipa de glorie cand drapelul tarii se ridica pe catarg si imnul Romaniei umple salile de vibratie,<\/p>\r\n            <\/div>\r\n\t\t\t            <div class=\"col-lg-4 col-md-4 col-sm-4 col-xs-12\">\r\n                <h4>Misiunea noastra<\/h4>\r\n                <p>Suntem pasionati sa promovam sportul, starea de bine si sanatatea pentru toti cei ce pasesc pragul clubului Unirea Iasi.\nTe vom incuraja, ajuta si asista in fiecare efort depus, vom fi alaturi la victorie sau esec si cu siguranta vom avea amintiri memorabile care vor calatori peste timp.<\/p>\r\n            <\/div>\r\n\t\t\t            <div class=\"col-lg-4 col-md-4 col-sm-4 col-xs-12\">\r\n                <h4>Ce urmarim<\/h4>\r\n                <p>Este inutil sa aducem in discutie beneficiile pe care le aduce practicarea sportului ,  un fapt cunoscut inca din antichitate. Noi, cavalerii timpurilor noastre descoperim talente si promovam miscarea sub toate formele .Dac\u0103 \u00eencepi ast\u0103zi, vei vedea rezultate cu o zi mai devreme dec\u00e2t dac\u0103 a\u0219tep\u021bi p\u00e2n\u0103 m\u00e2ine. \u00cencepe ast\u0103zi!<\/p>\r\n            <\/div>\r\n\t\t\t        <\/div> <!-- \/.row -->\r\n    <\/div> <!-- \/.container -->\r\n<\/div>\r\n\r\n[\/vc_column][\/vc_row][vc_row][vc_column]\r\n<div class=\"container partners wow fadeInUp\">\r\n    <div id=\"partner_logo\" class=\"owl-carousel owl-theme\">\r\n        \t\t                        <div class=\"item\"><img src=\"https:\/\/www.css-unirea-iasi.ro\/wp-content\/uploads\/2020\/10\/Untitled.png\" alt=\"logo\"><\/div>\r\n                                    <div class=\"item\"><img src=\"https:\/\/www.css-unirea-iasi.ro\/wp-content\/uploads\/2020\/10\/sigla-varianta-finala.png\" alt=\"logo\"><\/div>\r\n                                    <div class=\"item\"><img src=\"https:\/\/www.css-unirea-iasi.ro\/wp-content\/uploads\/2020\/10\/sigla-sport-520x520-1.jpg\" alt=\"logo\"><\/div>\r\n                                    <div class=\"item\"><img src=\"https:\/\/www.css-unirea-iasi.ro\/wp-content\/uploads\/2020\/10\/images-1.jpg\" alt=\"logo\"><\/div>\r\n                                    <div class=\"item\"><img src=\"https:\/\/www.css-unirea-iasi.ro\/wp-content\/uploads\/2020\/10\/csm.png\" alt=\"logo\"><\/div>\r\n                                    <div class=\"item\"><img src=\"https:\/\/www.css-unirea-iasi.ro\/wp-content\/uploads\/2020\/10\/2228.png\" alt=\"logo\"><\/div>\r\n                                    <div class=\"item\"><img src=\"https:\/\/www.css-unirea-iasi.ro\/wp-content\/uploads\/2020\/10\/download-2.jpg\" alt=\"logo\"><\/div>\r\n                                    <div class=\"item\"><img src=\"https:\/\/www.css-unirea-iasi.ro\/wp-content\/uploads\/2020\/11\/Consiliul-judetean-Iasi-3.jpeg\" alt=\"logo\"><\/div>\r\n                                    <\/div> <!-- End .partner_logo -->\r\n<\/div>\r\n\r\n[\/vc_column][\/vc_row]<\/p>\n","protected":false},"excerpt":{"rendered":"<p>[vc_row][vc_column][vc_column_text] \u00a0 \u00a0 \u00a0 \u00a0 \u00a0 \u00a0Scurt istoric &nbsp; \u00a0 \u00a0&#8211;\u00a0 In anul 1968 se infiinteaza &#8222;Scoala sportiva pentru elevii scolilor profesionale si liceelor de specialitate&#8221;. Ulterior a fost denumita &#8222;Scoala Sportiva Energia&#8221; ( 1968-1969) , &#8222;Scoala Sportiva Unirea&#8221; (1968-1979) si &#8222;Clubul Sportiv scolar Unirea&#8221; ( 1979-prezent) \u00a0 \u00a0 &#8211; Statut actual : unitate sportiva<\/p>\n","protected":false},"author":1,"featured_media":0,"parent":0,"menu_order":0,"comment_status":"closed","ping_status":"closed","template":"tpl-visual_composer.php","meta":[],"_links":{"self":[{"href":"https:\/\/www.css-unirea-iasi.ro\/index.php\/wp-json\/wp\/v2\/pages\/8"}],"collection":[{"href":"https:\/\/www.css-unirea-iasi.ro\/index.php\/wp-json\/wp\/v2\/pages"}],"about":[{"href":"https:\/\/www.css-unirea-iasi.ro\/index.php\/wp-json\/wp\/v2\/types\/page"}],"author":[{"embeddable":true,"href":"https:\/\/www.css-unirea-iasi.ro\/index.php\/wp-json\/wp\/v2\/users\/1"}],"replies":[{"embeddable":true,"href":"https:\/\/www.css-unirea-iasi.ro\/index.php\/wp-json\/wp\/v2\/comments?post=8"}],"version-history":[{"count":17,"href":"https:\/\/www.css-unirea-iasi.ro\/index.php\/wp-json\/wp\/v2\/pages\/8\/revisions"}],"predecessor-version":[{"id":561,"href":"https:\/\/www.css-unirea-iasi.ro\/index.php\/wp-json\/wp\/v2\/pages\/8\/revisions\/561"}],"wp:attachment":[{"href":"https:\/\/www.css-unirea-iasi.ro\/index.php\/wp-json\/wp\/v2\/media?parent=8"}],"curies":[{"name":"wp","href":"https:\/\/api.w.org\/{rel}","templated":true}]}}